{"id":3365,"date":"2020-11-30T13:43:12","date_gmt":"2020-11-30T11:43:12","guid":{"rendered":"https:\/\/sodankyla.likiliike.fi\/?post_type=product&#038;p=3365"},"modified":"2023-10-06T10:21:16","modified_gmt":"2023-10-06T07:21:16","slug":"gift-card-20-e","status":"publish","type":"product","link":"https:\/\/www.likiliikesodankyla.fi\/en\/product\/gift-card-20-e\/","title":{"rendered":"Gift card 20 \u20ac"},"content":{"rendered":"<p><strong>Payment terms<\/strong><\/p>\n<p>Checkout is a secure payment method. The service is maintained by Checkout Finland Oy (business ID 2196606-6), Checkout Finland Oy is part of the OP Financial Group. Licensed by the payment institution, issued by the Financial Supervisory Authority.<\/p>\n<p>The checkout payment service will forward your payment to the retailer. If Checkout Finland Oy appears on your statement or credit card invoice, we have forwarded your payment.<\/p>\n<p>The online store acts as a marketer of products and services and as a supplier of products to the customer. The online store takes care of the statutory and other obligations related to the transaction. If you want to complain or return the product, you should contact the online store where the product was ordered directly.<\/p>\n<p><strong>Bank Payments<\/strong><\/p>\n<p>You have payment buttons for all Finnish banks at your disposal. You can pay with the payment buttons of Aktia, Danske Bank, Handelsbanken, Nordea, Oma S\u00e4\u00e4st\u00f6pankki, Osuuspankki, POP Bank, S\u00e4\u00e4st\u00f6pankki, S-pank and \u00c5landsbanken. Checkout Finland Oy is shown as the payee on your account statement, we forward your payment to the online retailer. From the online store, you will be directed to your own bank to make the payment securely.<\/p>\n<p>When using the Payment Order Service, you are bound by the following terms and conditions: Terms and Conditions of the Payment Order Service.<\/p>","protected":false},"excerpt":{"rendered":"<p>Payment terms Checkout is a secure payment method. The service is maintained by Checkout Finland Oy (business ID 2196606-6), Checkout Finland Oy is part of the OP Financial Group. Licensed by the payment institution, issued by the Financial Supervisory Authority. The checkout payment service will forward your payment to the retailer. If Checkout Finland Oy&hellip;&nbsp;<a href=\"https:\/\/www.likiliikesodankyla.fi\/en\/product\/gift-card-20-e\/\" rel=\"bookmark\">Read More &raquo;<span class=\"screen-reader-text\">Gift card 20 \u20ac<\/span><\/a><\/p>","protected":false},"featured_media":3347,"template":"","meta":{"_acf_changed":false,"inline_featured_image":false,"neve_meta_sidebar":"","neve_meta_container":"","neve_meta_enable_content_width":"off","neve_meta_content_width":100,"neve_meta_title_alignment":"","neve_meta_author_avatar":"","neve_post_elements_order":"","neve_meta_disable_header":"","neve_meta_disable_footer":"","neve_meta_disable_title":""},"product_brand":[],"product_cat":[159],"product_tag":[],"class_list":{"0":"post-3365","1":"product","2":"type-product","3":"status-publish","4":"has-post-thumbnail","6":"product_cat-gift-card","8":"first","9":"instock","10":"taxable","11":"shipping-taxable","12":"purchasable","13":"product-type-gw_gift_card"},"acf":[],"yoast_head":"<!-- This site is optimized with the Yoast SEO plugin v27.3 - https:\/\/yoast.com\/product\/yoast-seo-wordpress\/ -->\n<title>Gift card 20 \u20ac - Likiliike Sodankyl\u00e4 ry<\/title>\n<meta name=\"robots\" content=\"index, follow, max-snippet:-1, max-image-preview:large, max-video-preview:-1\" \/>\n<link rel=\"canonical\" href=\"https:\/\/www.likiliikesodankyla.fi\/en\/product\/gift-card-20-e\/\" \/>\n<meta property=\"og:locale\" content=\"en_GB\" \/>\n<meta property=\"og:type\" content=\"article\" \/>\n<meta property=\"og:title\" content=\"Gift card 20 \u20ac - Likiliike Sodankyl\u00e4 ry\" \/>\n<meta property=\"og:description\" content=\"Payment terms Checkout is a secure payment method. The service is maintained by Checkout Finland Oy (business ID 2196606-6), Checkout Finland Oy is part of the OP Financial Group. Licensed by the payment institution, issued by the Financial Supervisory Authority. The checkout payment service will forward your payment to the retailer. If Checkout Finland Oy&hellip;&nbsp;Read More &raquo;Gift card 20 \u20ac\" \/>\n<meta property=\"og:url\" content=\"https:\/\/www.likiliikesodankyla.fi\/en\/product\/gift-card-20-e\/\" \/>\n<meta property=\"og:site_name\" content=\"Likiliike Sodankyl\u00e4 ry\" \/>\n<meta property=\"article:modified_time\" content=\"2023-10-06T07:21:16+00:00\" \/>\n<meta property=\"og:image\" content=\"https:\/\/www.likiliikesodankyla.fi\/wp-content\/uploads\/2020\/11\/likiliike_lahjakortti_crop.png\" \/>\n\t<meta property=\"og:image:width\" content=\"1559\" \/>\n\t<meta property=\"og:image:height\" content=\"1168\" \/>\n\t<meta property=\"og:image:type\" content=\"image\/png\" \/>\n<meta name=\"twitter:card\" content=\"summary_large_image\" \/>\n<meta name=\"twitter:label1\" content=\"Estimated reading time\" \/>\n\t<meta name=\"twitter:data1\" content=\"1 minute\" \/>\n<script type=\"application\/ld+json\" class=\"yoast-schema-graph\">{\"@context\":\"https:\\\/\\\/schema.org\",\"@graph\":[{\"@type\":\"WebPage\",\"@id\":\"https:\\\/\\\/www.likiliikesodankyla.fi\\\/en\\\/product\\\/gift-card-20-e\\\/\",\"url\":\"https:\\\/\\\/www.likiliikesodankyla.fi\\\/en\\\/product\\\/gift-card-20-e\\\/\",\"name\":\"Gift card 20 \u20ac - Likiliike Sodankyl\u00e4 ry\",\"isPartOf\":{\"@id\":\"https:\\\/\\\/www.likiliikesodankyla.fi\\\/en\\\/#website\"},\"primaryImageOfPage\":{\"@id\":\"https:\\\/\\\/www.likiliikesodankyla.fi\\\/en\\\/product\\\/gift-card-20-e\\\/#primaryimage\"},\"image\":{\"@id\":\"https:\\\/\\\/www.likiliikesodankyla.fi\\\/en\\\/product\\\/gift-card-20-e\\\/#primaryimage\"},\"thumbnailUrl\":\"https:\\\/\\\/www.likiliikesodankyla.fi\\\/wp-content\\\/uploads\\\/2020\\\/11\\\/likiliike_lahjakortti_crop.png\",\"datePublished\":\"2020-11-30T11:43:12+00:00\",\"dateModified\":\"2023-10-06T07:21:16+00:00\",\"breadcrumb\":{\"@id\":\"https:\\\/\\\/www.likiliikesodankyla.fi\\\/en\\\/product\\\/gift-card-20-e\\\/#breadcrumb\"},\"inLanguage\":\"en-GB\",\"potentialAction\":[{\"@type\":\"ReadAction\",\"target\":[\"https:\\\/\\\/www.likiliikesodankyla.fi\\\/en\\\/product\\\/gift-card-20-e\\\/\"]}]},{\"@type\":\"ImageObject\",\"inLanguage\":\"en-GB\",\"@id\":\"https:\\\/\\\/www.likiliikesodankyla.fi\\\/en\\\/product\\\/gift-card-20-e\\\/#primaryimage\",\"url\":\"https:\\\/\\\/www.likiliikesodankyla.fi\\\/wp-content\\\/uploads\\\/2020\\\/11\\\/likiliike_lahjakortti_crop.png\",\"contentUrl\":\"https:\\\/\\\/www.likiliikesodankyla.fi\\\/wp-content\\\/uploads\\\/2020\\\/11\\\/likiliike_lahjakortti_crop.png\",\"width\":1559,\"height\":1168},{\"@type\":\"BreadcrumbList\",\"@id\":\"https:\\\/\\\/www.likiliikesodankyla.fi\\\/en\\\/product\\\/gift-card-20-e\\\/#breadcrumb\",\"itemListElement\":[{\"@type\":\"ListItem\",\"position\":1,\"name\":\"Home\",\"item\":\"https:\\\/\\\/www.likiliikesodankyla.fi\\\/en\\\/front-page\\\/\"},{\"@type\":\"ListItem\",\"position\":2,\"name\":\"Verkkokauppa\",\"item\":\"https:\\\/\\\/www.likiliikesodankyla.fi\\\/fi\\\/kauppa\\\/\"},{\"@type\":\"ListItem\",\"position\":3,\"name\":\"Gift card 20 \u20ac\"}]},{\"@type\":\"WebSite\",\"@id\":\"https:\\\/\\\/www.likiliikesodankyla.fi\\\/en\\\/#website\",\"url\":\"https:\\\/\\\/www.likiliikesodankyla.fi\\\/en\\\/\",\"name\":\"Likiliike Sodankyl\u00e4 ry\",\"description\":\"\",\"publisher\":{\"@id\":\"https:\\\/\\\/www.likiliikesodankyla.fi\\\/en\\\/#organization\"},\"potentialAction\":[{\"@type\":\"SearchAction\",\"target\":{\"@type\":\"EntryPoint\",\"urlTemplate\":\"https:\\\/\\\/www.likiliikesodankyla.fi\\\/en\\\/?s={search_term_string}\"},\"query-input\":{\"@type\":\"PropertyValueSpecification\",\"valueRequired\":true,\"valueName\":\"search_term_string\"}}],\"inLanguage\":\"en-GB\"},{\"@type\":\"Organization\",\"@id\":\"https:\\\/\\\/www.likiliikesodankyla.fi\\\/en\\\/#organization\",\"name\":\"Likiliike Sodankyl\u00e4 ry\",\"url\":\"https:\\\/\\\/www.likiliikesodankyla.fi\\\/en\\\/\",\"logo\":{\"@type\":\"ImageObject\",\"inLanguage\":\"en-GB\",\"@id\":\"https:\\\/\\\/www.likiliikesodankyla.fi\\\/en\\\/#\\\/schema\\\/logo\\\/image\\\/\",\"url\":\"https:\\\/\\\/www.likiliikesodankyla.fi\\\/wp-content\\\/uploads\\\/2020\\\/02\\\/Likiliike-Sodankyla\u0308-2_nega.png\",\"contentUrl\":\"https:\\\/\\\/www.likiliikesodankyla.fi\\\/wp-content\\\/uploads\\\/2020\\\/02\\\/Likiliike-Sodankyla\u0308-2_nega.png\",\"width\":1418,\"height\":1418,\"caption\":\"Likiliike Sodankyl\u00e4 ry\"},\"image\":{\"@id\":\"https:\\\/\\\/www.likiliikesodankyla.fi\\\/en\\\/#\\\/schema\\\/logo\\\/image\\\/\"}}]}<\/script>\n<!-- \/ Yoast SEO plugin. -->","yoast_head_json":{"title":"Gift card 20 \u20ac - Likiliike Sodankyl\u00e4 ry","robots":{"index":"index","follow":"follow","max-snippet":"max-snippet:-1","max-image-preview":"max-image-preview:large","max-video-preview":"max-video-preview:-1"},"canonical":"https:\/\/www.likiliikesodankyla.fi\/en\/product\/gift-card-20-e\/","og_locale":"en_GB","og_type":"article","og_title":"Gift card 20 \u20ac - Likiliike Sodankyl\u00e4 ry","og_description":"Payment terms Checkout is a secure payment method. The service is maintained by Checkout Finland Oy (business ID 2196606-6), Checkout Finland Oy is part of the OP Financial Group. Licensed by the payment institution, issued by the Financial Supervisory Authority. The checkout payment service will forward your payment to the retailer. If Checkout Finland Oy&hellip;&nbsp;Read More &raquo;Gift card 20 \u20ac","og_url":"https:\/\/www.likiliikesodankyla.fi\/en\/product\/gift-card-20-e\/","og_site_name":"Likiliike Sodankyl\u00e4 ry","article_modified_time":"2023-10-06T07:21:16+00:00","og_image":[{"width":1559,"height":1168,"url":"https:\/\/www.likiliikesodankyla.fi\/wp-content\/uploads\/2020\/11\/likiliike_lahjakortti_crop.png","type":"image\/png"}],"twitter_card":"summary_large_image","twitter_misc":{"Estimated reading time":"1 minute"},"schema":{"@context":"https:\/\/schema.org","@graph":[{"@type":"WebPage","@id":"https:\/\/www.likiliikesodankyla.fi\/en\/product\/gift-card-20-e\/","url":"https:\/\/www.likiliikesodankyla.fi\/en\/product\/gift-card-20-e\/","name":"Gift card 20 \u20ac - Likiliike Sodankyl\u00e4 ry","isPartOf":{"@id":"https:\/\/www.likiliikesodankyla.fi\/en\/#website"},"primaryImageOfPage":{"@id":"https:\/\/www.likiliikesodankyla.fi\/en\/product\/gift-card-20-e\/#primaryimage"},"image":{"@id":"https:\/\/www.likiliikesodankyla.fi\/en\/product\/gift-card-20-e\/#primaryimage"},"thumbnailUrl":"https:\/\/www.likiliikesodankyla.fi\/wp-content\/uploads\/2020\/11\/likiliike_lahjakortti_crop.png","datePublished":"2020-11-30T11:43:12+00:00","dateModified":"2023-10-06T07:21:16+00:00","breadcrumb":{"@id":"https:\/\/www.likiliikesodankyla.fi\/en\/product\/gift-card-20-e\/#breadcrumb"},"inLanguage":"en-GB","potentialAction":[{"@type":"ReadAction","target":["https:\/\/www.likiliikesodankyla.fi\/en\/product\/gift-card-20-e\/"]}]},{"@type":"ImageObject","inLanguage":"en-GB","@id":"https:\/\/www.likiliikesodankyla.fi\/en\/product\/gift-card-20-e\/#primaryimage","url":"https:\/\/www.likiliikesodankyla.fi\/wp-content\/uploads\/2020\/11\/likiliike_lahjakortti_crop.png","contentUrl":"https:\/\/www.likiliikesodankyla.fi\/wp-content\/uploads\/2020\/11\/likiliike_lahjakortti_crop.png","width":1559,"height":1168},{"@type":"BreadcrumbList","@id":"https:\/\/www.likiliikesodankyla.fi\/en\/product\/gift-card-20-e\/#breadcrumb","itemListElement":[{"@type":"ListItem","position":1,"name":"Home","item":"https:\/\/www.likiliikesodankyla.fi\/en\/front-page\/"},{"@type":"ListItem","position":2,"name":"Verkkokauppa","item":"https:\/\/www.likiliikesodankyla.fi\/fi\/kauppa\/"},{"@type":"ListItem","position":3,"name":"Gift card 20 \u20ac"}]},{"@type":"WebSite","@id":"https:\/\/www.likiliikesodankyla.fi\/en\/#website","url":"https:\/\/www.likiliikesodankyla.fi\/en\/","name":"Likiliike Sodankyl\u00e4 ry","description":"","publisher":{"@id":"https:\/\/www.likiliikesodankyla.fi\/en\/#organization"},"potentialAction":[{"@type":"SearchAction","target":{"@type":"EntryPoint","urlTemplate":"https:\/\/www.likiliikesodankyla.fi\/en\/?s={search_term_string}"},"query-input":{"@type":"PropertyValueSpecification","valueRequired":true,"valueName":"search_term_string"}}],"inLanguage":"en-GB"},{"@type":"Organization","@id":"https:\/\/www.likiliikesodankyla.fi\/en\/#organization","name":"Likiliike Sodankyl\u00e4 ry","url":"https:\/\/www.likiliikesodankyla.fi\/en\/","logo":{"@type":"ImageObject","inLanguage":"en-GB","@id":"https:\/\/www.likiliikesodankyla.fi\/en\/#\/schema\/logo\/image\/","url":"https:\/\/www.likiliikesodankyla.fi\/wp-content\/uploads\/2020\/02\/Likiliike-Sodankyla\u0308-2_nega.png","contentUrl":"https:\/\/www.likiliikesodankyla.fi\/wp-content\/uploads\/2020\/02\/Likiliike-Sodankyla\u0308-2_nega.png","width":1418,"height":1418,"caption":"Likiliike Sodankyl\u00e4 ry"},"image":{"@id":"https:\/\/www.likiliikesodankyla.fi\/en\/#\/schema\/logo\/image\/"}}]}},"_links":{"self":[{"href":"https:\/\/www.likiliikesodankyla.fi\/en\/wp-json\/wp\/v2\/product\/3365","targetHints":{"allow":["GET"]}}],"collection":[{"href":"https:\/\/www.likiliikesodankyla.fi\/en\/wp-json\/wp\/v2\/product"}],"about":[{"href":"https:\/\/www.likiliikesodankyla.fi\/en\/wp-json\/wp\/v2\/types\/product"}],"wp:featuredmedia":[{"embeddable":true,"href":"https:\/\/www.likiliikesodankyla.fi\/en\/wp-json\/wp\/v2\/media\/3347"}],"wp:attachment":[{"href":"https:\/\/www.likiliikesodankyla.fi\/en\/wp-json\/wp\/v2\/media?parent=3365"}],"wp:term":[{"taxonomy":"product_brand","embeddable":true,"href":"https:\/\/www.likiliikesodankyla.fi\/en\/wp-json\/wp\/v2\/product_brand?post=3365"},{"taxonomy":"product_cat","embeddable":true,"href":"https:\/\/www.likiliikesodankyla.fi\/en\/wp-json\/wp\/v2\/product_cat?post=3365"},{"taxonomy":"product_tag","embeddable":true,"href":"https:\/\/www.likiliikesodankyla.fi\/en\/wp-json\/wp\/v2\/product_tag?post=3365"}],"curies":[{"name":"wp","href":"https:\/\/api.w.org\/{rel}","templated":true}]}}