{"id":3023,"date":"2020-07-09T12:51:33","date_gmt":"2020-07-09T09:51:33","guid":{"rendered":"https:\/\/sodankyla.likiliike.fi\/?page_id=3023"},"modified":"2020-07-09T12:56:57","modified_gmt":"2020-07-09T09:56:57","slug":"privacy-policy","status":"publish","type":"page","link":"https:\/\/www.likiliikesodankyla.fi\/en\/privacy-policy\/","title":{"rendered":"Privacy Policy"},"content":{"rendered":"<h2 class=\"wp-block-heading\">Privacy Policy<\/h2>\n\n\n\n<p><strong>Lilikiike Member Register Privacy Statement<\/strong><br>Under the Data Protection Regulations, the data registrar has a duty to clearly describe the policy. The following fulfills that information obligation.<\/p>\n\n\n\n<h3 class=\"wp-block-heading\">1. The registrar<\/h3>\n\n\n\n<p>Sodankyl\u00e4n Yritt\u00e4j\u00e4t ry, Likiliike<\/p>\n\n\n\n<p>Contact information for the register:<\/p>\n\n\n\n<p>Sodankyl\u00e4n Likiliike data protection officer <br>Marja-Leena Magga<br>Chair of the Executive Management Team<br>Tel. 040 730 8636<br><a href=\"mailto:mlmagga@gmail.com\" target=\"_blank\" rel=\"noreferrer noopener\">mlmagga@gmail.com<\/a><\/p>\n\n\n\n<h3 class=\"wp-block-heading\">2. Registered Company<\/h3>\n\n\n\n<p>The Registered companies are the members of Likiliike and their contact representative.<\/p>\n\n\n\n<h3 class=\"wp-block-heading\">3. Grounds for and purpose of keeping the register<\/h3>\n\n\n\n<p>Personal data is processed on the basis of registered membership of Likiliike. Membership results from a written application and its approval.<\/p>\n\n\n\n<p><strong>Purpose of the processing of personal data and the register<\/strong><br>Personal data will only be processed for pre-defined purposes, which are as follows:<\/p>\n\n\n\n<div class=\"wp-block-group\"><div class=\"wp-block-group__inner-container is-layout-flow wp-block-group-is-layout-flow\">\n<ul class=\"wp-block-list\"><li>member registration and membership management<\/li><li>electronic and other member communications<\/li><li>Likiliike surveys and studies that promote the implementation and development local business<\/li><li>analysis and statistics of membership data<\/li><li>implementation and development of the activities of the Likiliike movement<\/li><\/ul>\n<\/div><\/div>\n\n\n\n<p>Personal data will be processed with consent in the following situations:<\/p>\n\n\n\n<ul class=\"wp-block-list\"><li>publishing members&#8217; pictures and photos of their premises (permission to use and share images in Likiliikki&#8217;s documents and electronic publications in various forums)<\/li><li>marketing of events from partners outside the business to members (permission to send marketing messages from third parties to members of the Likiliike)<\/li><li>participation in workshops and other events organised by Likiliike, and participant information (permission to use and disclose participant information internally within Likiliike)<\/li><\/ul>\n\n\n\n<h3 class=\"wp-block-heading\">4.&nbsp; Personal data to be stored in the register<\/h3>\n\n\n\n<p>The personal information of the members of the Likiliike is stored in the Likiliike&#8217;s own electronic system. Likiliike employees enters information into the system based on the information in the membership application.<\/p>\n\n\n\n<p>The membership register contains the following information:<\/p>\n\n\n\n<p>Corporate information<\/p>\n\n\n\n<ul class=\"wp-block-list\"><li>name<\/li><li>address<\/li><li>E-mail<\/li><li>phone number<\/li><li>Y-ID<\/li><li>date of joining and date of resignation<\/li><li>billing address (also electronic)<\/li><li>official name of the company + trade name, possible auxiliary names <\/li><li>possible social media contact information<\/li><\/ul>\n\n\n\n<p>Contact personnel information:<\/p>\n\n\n\n<ul class=\"wp-block-list\"><li>name<\/li><li>address<\/li><li>E-mail phone number<\/li><\/ul>\n\n\n\n<h3 class=\"wp-block-heading\">5. Rights of the registered company<\/h3>\n\n\n\n<p>The registered company has the following rights, the use of which must be made in writing to: <a href=\"mailto:sodankyla@likiliike.fi\">sodankyla@likiliike.fi<\/a><\/p>\n\n\n\n<p><strong>The right of inspection<\/strong><\/p>\n\n\n\n<p>The registered company can check the personal data we have stored by personally dealing with the data protection officer, Marja-Leena Magga. Any checks must always be agreed in advance.<\/p>\n\n\n\n<p><strong>The right to rectification<\/strong><\/p>\n\n\n\n<p>The registered company may request the correction of incorrect or incomplete information concerning them.<\/p>\n\n\n\n<p><strong>The right of objection<\/strong><\/p>\n\n\n\n<p>The registered company may object to the processing of personal data if he or she feels that the personal data has been processed unlawfully.<\/p>\n\n\n\n<p><strong>Direct marketing ban<\/strong><\/p>\n\n\n\n<p>The registered company has the right to prohibit the use of the data for direct marketing.<\/p>\n\n\n\n<p><strong>The right of deletion<\/strong><\/p>\n\n\n\n<p>The registered company &nbsp;has the right to request the deletion of data if it is not necessary to process the data. We will process the deletion request, after which we will either delete the data or provide a valid reason why the data cannot be deleted. The registrar may have a statutory or other right not to delete the information requested.<\/p>\n\n\n\n<p><strong>Withdrawal of consent<\/strong><\/p>\n\n\n\n<p>If the processing of personal data concerning the registered company is based only on consent, and not on the basis of, for example, customer relationships or membership, the&nbsp; registered company may withdraw the consent by notifying the Likiliike Data Protection Officer in writing.<\/p>\n\n\n\n<p>The registered company may appeal against the decision to the Data Protection Officer.&nbsp; The registered company has the right to demand that we therefore limit the processing of the data until the matter can be resolved. Instructions for making a complaint can be found below.<\/p>\n\n\n\n<p><strong>Right of appeal<\/strong><\/p>\n\n\n\n<p>The registered company has the right to lodge a complaint with the Data Protection Officer if he or she feels that we are in breach of the applicable data protection legislation when processing personal data.<\/p>\n\n\n\n<p>Contact information of the Data Protection Supervisor: <a href=\"https:\/\/tietosuoja.fi\/en\/contact-information\">https:\/\/tietosuoja.fi\/en\/contact-information<\/a> <\/p>\n\n\n\n<h3 class=\"wp-block-heading\">6. Regular sources of information<\/h3>\n\n\n\n<p>Personal information is regularly obtained from the member himself at the time of the membership application and during the membership, by paper documents, e-mail, telephone, electronic form or other similar means.<\/p>\n\n\n\n<h3 class=\"wp-block-heading\">7. Regular disclosures<\/h3>\n\n\n\n<p>We will only disclose your information to third parties if you have given your consent.<\/p>\n\n\n\n<h3 class=\"wp-block-heading\">8. Duration of data retention<\/h3>\n\n\n\n<p>As a general rule, personal data will be retained for as long as the membership is valid.<\/p>\n\n\n\n<p>The registrar is obliged to keep the accounting material in accordance with the period (10 years) specified in the Accounting Act (Chapter 2, Section 10).<\/p>\n\n\n\n<h3 class=\"wp-block-heading\">9. Handling of personal data<\/h3>\n\n\n\n<p>The information in the member register is processed by the Registrar, Likiliike and its designated employees, as well as the Chair of Likikike&#8217;s management team.<\/p>\n\n\n\n<h3 class=\"wp-block-heading\">10. Data transfer outside the EU<\/h3>\n\n\n\n<p>Personal data will not be transferred outside the EU or the European Economic Area.<\/p>\n\n\n\n<h3 class=\"wp-block-heading\">11. Automatic decision making and profiling<\/h3>\n\n\n\n<p>We do not use the information for automatic decision making or profiling.<\/p>","protected":false},"excerpt":{"rendered":"<p>Privacy Policy Lilikiike Member Register Privacy StatementUnder the Data Protection Regulations, the data registrar has a duty to clearly describe the policy. The following fulfills that information obligation. 1. The registrar Sodankyl\u00e4n Yritt\u00e4j\u00e4t ry, Likiliike Contact information for the register: Sodankyl\u00e4n Likiliike data protection officer Marja-Leena MaggaChair of the Executive Management TeamTel. 040 730 8636mlmagga@gmail.com&hellip;&nbsp;<a href=\"https:\/\/www.likiliikesodankyla.fi\/en\/privacy-policy\/\" rel=\"bookmark\">Read More &raquo;<span class=\"screen-reader-text\">Privacy Policy<\/span><\/a><\/p>","protected":false},"author":21,"featured_media":0,"parent":0,"menu_order":0,"comment_status":"closed","ping_status":"closed","template":"","meta":{"_acf_changed":false,"inline_featured_image":false,"neve_meta_sidebar":"full-width","neve_meta_container":"","neve_meta_enable_content_width":"on","neve_meta_content_width":100,"neve_meta_title_alignment":"","neve_meta_author_avatar":"","neve_post_elements_order":"","neve_meta_disable_header":"","neve_meta_disable_footer":"","neve_meta_disable_title":"","footnotes":""},"class_list":["post-3023","page","type-page","status-publish","hentry"],"acf":[],"yoast_head":"<!-- This site is optimized with the Yoast SEO plugin v27.3 - https:\/\/yoast.com\/product\/yoast-seo-wordpress\/ -->\n<title>Privacy Policy - Likiliike Sodankyl\u00e4 ry<\/title>\n<meta name=\"description\" content=\"Lilikiike Member Register Privacy Statement. Under the Data Protection Regulations, the data registrar has a duty to clearly describe the policy. The following fulfills that information obligation.\" \/>\n<meta name=\"robots\" content=\"index, follow, max-snippet:-1, max-image-preview:large, max-video-preview:-1\" \/>\n<link rel=\"canonical\" href=\"https:\/\/www.likiliikesodankyla.fi\/en\/privacy-policy\/\" \/>\n<meta property=\"og:locale\" content=\"en_GB\" \/>\n<meta property=\"og:type\" content=\"article\" \/>\n<meta property=\"og:title\" content=\"Privacy Policy - Likiliike Sodankyl\u00e4 ry\" \/>\n<meta property=\"og:description\" content=\"Lilikiike Member Register Privacy Statement. Under the Data Protection Regulations, the data registrar has a duty to clearly describe the policy. The following fulfills that information obligation.\" \/>\n<meta property=\"og:url\" content=\"https:\/\/www.likiliikesodankyla.fi\/en\/privacy-policy\/\" \/>\n<meta property=\"og:site_name\" content=\"Likiliike Sodankyl\u00e4 ry\" \/>\n<meta property=\"article:modified_time\" content=\"2020-07-09T09:56:57+00:00\" \/>\n<meta name=\"twitter:card\" content=\"summary_large_image\" \/>\n<meta name=\"twitter:label1\" content=\"Estimated reading time\" \/>\n\t<meta name=\"twitter:data1\" content=\"4 minutes\" \/>\n<script type=\"application\/ld+json\" class=\"yoast-schema-graph\">{\"@context\":\"https:\\\/\\\/schema.org\",\"@graph\":[{\"@type\":\"WebPage\",\"@id\":\"https:\\\/\\\/www.likiliikesodankyla.fi\\\/en\\\/privacy-policy\\\/\",\"url\":\"https:\\\/\\\/www.likiliikesodankyla.fi\\\/en\\\/privacy-policy\\\/\",\"name\":\"Privacy Policy - Likiliike Sodankyl\u00e4 ry\",\"isPartOf\":{\"@id\":\"https:\\\/\\\/www.likiliikesodankyla.fi\\\/en\\\/#website\"},\"datePublished\":\"2020-07-09T09:51:33+00:00\",\"dateModified\":\"2020-07-09T09:56:57+00:00\",\"description\":\"Lilikiike Member Register Privacy Statement. Under the Data Protection Regulations, the data registrar has a duty to clearly describe the policy. The following fulfills that information obligation.\",\"breadcrumb\":{\"@id\":\"https:\\\/\\\/www.likiliikesodankyla.fi\\\/en\\\/privacy-policy\\\/#breadcrumb\"},\"inLanguage\":\"en-GB\",\"potentialAction\":[{\"@type\":\"ReadAction\",\"target\":[\"https:\\\/\\\/www.likiliikesodankyla.fi\\\/en\\\/privacy-policy\\\/\"]}]},{\"@type\":\"BreadcrumbList\",\"@id\":\"https:\\\/\\\/www.likiliikesodankyla.fi\\\/en\\\/privacy-policy\\\/#breadcrumb\",\"itemListElement\":[{\"@type\":\"ListItem\",\"position\":1,\"name\":\"Home\",\"item\":\"https:\\\/\\\/www.likiliikesodankyla.fi\\\/en\\\/front-page\\\/\"},{\"@type\":\"ListItem\",\"position\":2,\"name\":\"Privacy Policy\"}]},{\"@type\":\"WebSite\",\"@id\":\"https:\\\/\\\/www.likiliikesodankyla.fi\\\/en\\\/#website\",\"url\":\"https:\\\/\\\/www.likiliikesodankyla.fi\\\/en\\\/\",\"name\":\"Likiliike Sodankyl\u00e4 ry\",\"description\":\"\",\"publisher\":{\"@id\":\"https:\\\/\\\/www.likiliikesodankyla.fi\\\/en\\\/#organization\"},\"potentialAction\":[{\"@type\":\"SearchAction\",\"target\":{\"@type\":\"EntryPoint\",\"urlTemplate\":\"https:\\\/\\\/www.likiliikesodankyla.fi\\\/en\\\/?s={search_term_string}\"},\"query-input\":{\"@type\":\"PropertyValueSpecification\",\"valueRequired\":true,\"valueName\":\"search_term_string\"}}],\"inLanguage\":\"en-GB\"},{\"@type\":\"Organization\",\"@id\":\"https:\\\/\\\/www.likiliikesodankyla.fi\\\/en\\\/#organization\",\"name\":\"Likiliike Sodankyl\u00e4 ry\",\"url\":\"https:\\\/\\\/www.likiliikesodankyla.fi\\\/en\\\/\",\"logo\":{\"@type\":\"ImageObject\",\"inLanguage\":\"en-GB\",\"@id\":\"https:\\\/\\\/www.likiliikesodankyla.fi\\\/en\\\/#\\\/schema\\\/logo\\\/image\\\/\",\"url\":\"https:\\\/\\\/www.likiliikesodankyla.fi\\\/wp-content\\\/uploads\\\/2020\\\/02\\\/Likiliike-Sodankyla\u0308-2_nega.png\",\"contentUrl\":\"https:\\\/\\\/www.likiliikesodankyla.fi\\\/wp-content\\\/uploads\\\/2020\\\/02\\\/Likiliike-Sodankyla\u0308-2_nega.png\",\"width\":1418,\"height\":1418,\"caption\":\"Likiliike Sodankyl\u00e4 ry\"},\"image\":{\"@id\":\"https:\\\/\\\/www.likiliikesodankyla.fi\\\/en\\\/#\\\/schema\\\/logo\\\/image\\\/\"}}]}<\/script>\n<!-- \/ Yoast SEO plugin. -->","yoast_head_json":{"title":"Privacy Policy - Likiliike Sodankyl\u00e4 ry","description":"Lilikiike Member Register Privacy Statement. Under the Data Protection Regulations, the data registrar has a duty to clearly describe the policy. The following fulfills that information obligation.","robots":{"index":"index","follow":"follow","max-snippet":"max-snippet:-1","max-image-preview":"max-image-preview:large","max-video-preview":"max-video-preview:-1"},"canonical":"https:\/\/www.likiliikesodankyla.fi\/en\/privacy-policy\/","og_locale":"en_GB","og_type":"article","og_title":"Privacy Policy - Likiliike Sodankyl\u00e4 ry","og_description":"Lilikiike Member Register Privacy Statement. Under the Data Protection Regulations, the data registrar has a duty to clearly describe the policy. The following fulfills that information obligation.","og_url":"https:\/\/www.likiliikesodankyla.fi\/en\/privacy-policy\/","og_site_name":"Likiliike Sodankyl\u00e4 ry","article_modified_time":"2020-07-09T09:56:57+00:00","twitter_card":"summary_large_image","twitter_misc":{"Estimated reading time":"4 minutes"},"schema":{"@context":"https:\/\/schema.org","@graph":[{"@type":"WebPage","@id":"https:\/\/www.likiliikesodankyla.fi\/en\/privacy-policy\/","url":"https:\/\/www.likiliikesodankyla.fi\/en\/privacy-policy\/","name":"Privacy Policy - Likiliike Sodankyl\u00e4 ry","isPartOf":{"@id":"https:\/\/www.likiliikesodankyla.fi\/en\/#website"},"datePublished":"2020-07-09T09:51:33+00:00","dateModified":"2020-07-09T09:56:57+00:00","description":"Lilikiike Member Register Privacy Statement. Under the Data Protection Regulations, the data registrar has a duty to clearly describe the policy. The following fulfills that information obligation.","breadcrumb":{"@id":"https:\/\/www.likiliikesodankyla.fi\/en\/privacy-policy\/#breadcrumb"},"inLanguage":"en-GB","potentialAction":[{"@type":"ReadAction","target":["https:\/\/www.likiliikesodankyla.fi\/en\/privacy-policy\/"]}]},{"@type":"BreadcrumbList","@id":"https:\/\/www.likiliikesodankyla.fi\/en\/privacy-policy\/#breadcrumb","itemListElement":[{"@type":"ListItem","position":1,"name":"Home","item":"https:\/\/www.likiliikesodankyla.fi\/en\/front-page\/"},{"@type":"ListItem","position":2,"name":"Privacy Policy"}]},{"@type":"WebSite","@id":"https:\/\/www.likiliikesodankyla.fi\/en\/#website","url":"https:\/\/www.likiliikesodankyla.fi\/en\/","name":"Likiliike Sodankyl\u00e4 ry","description":"","publisher":{"@id":"https:\/\/www.likiliikesodankyla.fi\/en\/#organization"},"potentialAction":[{"@type":"SearchAction","target":{"@type":"EntryPoint","urlTemplate":"https:\/\/www.likiliikesodankyla.fi\/en\/?s={search_term_string}"},"query-input":{"@type":"PropertyValueSpecification","valueRequired":true,"valueName":"search_term_string"}}],"inLanguage":"en-GB"},{"@type":"Organization","@id":"https:\/\/www.likiliikesodankyla.fi\/en\/#organization","name":"Likiliike Sodankyl\u00e4 ry","url":"https:\/\/www.likiliikesodankyla.fi\/en\/","logo":{"@type":"ImageObject","inLanguage":"en-GB","@id":"https:\/\/www.likiliikesodankyla.fi\/en\/#\/schema\/logo\/image\/","url":"https:\/\/www.likiliikesodankyla.fi\/wp-content\/uploads\/2020\/02\/Likiliike-Sodankyla\u0308-2_nega.png","contentUrl":"https:\/\/www.likiliikesodankyla.fi\/wp-content\/uploads\/2020\/02\/Likiliike-Sodankyla\u0308-2_nega.png","width":1418,"height":1418,"caption":"Likiliike Sodankyl\u00e4 ry"},"image":{"@id":"https:\/\/www.likiliikesodankyla.fi\/en\/#\/schema\/logo\/image\/"}}]}},"_links":{"self":[{"href":"https:\/\/www.likiliikesodankyla.fi\/en\/wp-json\/wp\/v2\/pages\/3023","targetHints":{"allow":["GET"]}}],"collection":[{"href":"https:\/\/www.likiliikesodankyla.fi\/en\/wp-json\/wp\/v2\/pages"}],"about":[{"href":"https:\/\/www.likiliikesodankyla.fi\/en\/wp-json\/wp\/v2\/types\/page"}],"author":[{"embeddable":true,"href":"https:\/\/www.likiliikesodankyla.fi\/en\/wp-json\/wp\/v2\/users\/21"}],"replies":[{"embeddable":true,"href":"https:\/\/www.likiliikesodankyla.fi\/en\/wp-json\/wp\/v2\/comments?post=3023"}],"version-history":[{"count":3,"href":"https:\/\/www.likiliikesodankyla.fi\/en\/wp-json\/wp\/v2\/pages\/3023\/revisions"}],"predecessor-version":[{"id":3029,"href":"https:\/\/www.likiliikesodankyla.fi\/en\/wp-json\/wp\/v2\/pages\/3023\/revisions\/3029"}],"wp:attachment":[{"href":"https:\/\/www.likiliikesodankyla.fi\/en\/wp-json\/wp\/v2\/media?parent=3023"}],"curies":[{"name":"wp","href":"https:\/\/api.w.org\/{rel}","templated":true}]}}