{"id":3009,"date":"2020-07-09T10:13:56","date_gmt":"2020-07-09T07:13:56","guid":{"rendered":"https:\/\/sodankyla.likiliike.fi\/?page_id=3009"},"modified":"2025-12-14T09:56:26","modified_gmt":"2025-12-14T07:56:26","slug":"contact-us","status":"publish","type":"page","link":"https:\/\/www.likiliikesodankyla.fi\/en\/contact-us\/","title":{"rendered":"Contact us"},"content":{"rendered":"<div data-elementor-type=\"wp-post\" data-elementor-id=\"3009\" class=\"elementor elementor-3009\">\n\t\t\t\t\t\t<section class=\"elementor-section elementor-top-section elementor-element elementor-element-587bbc25 elementor-section-boxed elementor-section-height-default elementor-section-height-default\" data-id=\"587bbc25\" data-element_type=\"section\" data-e-type=\"section\">\n\t\t\t\t\t\t<div class=\"elementor-container elementor-column-gap-default\">\n\t\t\t\t\t<div class=\"elementor-column elementor-col-100 elementor-top-column elementor-element elementor-element-500254f4\" data-id=\"500254f4\" data-element_type=\"column\" data-e-type=\"column\">\n\t\t\t<div class=\"elementor-widget-wrap elementor-element-populated\">\n\t\t\t\t\t\t<div class=\"elementor-element elementor-element-ffb1b28 elementor-widget elementor-widget-heading\" data-id=\"ffb1b28\" data-element_type=\"widget\" data-e-type=\"widget\" data-widget_type=\"heading.default\">\n\t\t\t\t<div class=\"elementor-widget-container\">\n\t\t\t\t\t<h2 class=\"elementor-heading-title elementor-size-default\">Contact us!<\/h2>\t\t\t\t<\/div>\n\t\t\t\t<\/div>\n\t\t\t\t\t<\/div>\n\t\t<\/div>\n\t\t\t\t\t<\/div>\n\t\t<\/section>\n\t\t\t\t<section class=\"elementor-section elementor-top-section elementor-element elementor-element-7a331db elementor-section-boxed elementor-section-height-default elementor-section-height-default\" data-id=\"7a331db\" data-element_type=\"section\" data-e-type=\"section\">\n\t\t\t\t\t\t<div class=\"elementor-container elementor-column-gap-default\">\n\t\t\t\t\t<div class=\"elementor-column elementor-col-50 elementor-top-column elementor-element elementor-element-632b1cb\" data-id=\"632b1cb\" data-element_type=\"column\" data-e-type=\"column\">\n\t\t\t<div class=\"elementor-widget-wrap elementor-element-populated\">\n\t\t\t\t\t\t<div class=\"elementor-element elementor-element-e7ab617 elementor-widget elementor-widget-heading\" data-id=\"e7ab617\" data-element_type=\"widget\" data-e-type=\"widget\" data-widget_type=\"heading.default\">\n\t\t\t\t<div class=\"elementor-widget-container\">\n\t\t\t\t\t<h3 class=\"elementor-heading-title elementor-size-default\">Likiliike Sodankyl\u00e4 ry<\/h3>\t\t\t\t<\/div>\n\t\t\t\t<\/div>\n\t\t\t\t<div class=\"elementor-element elementor-element-31b7885 elementor-widget elementor-widget-text-editor\" data-id=\"31b7885\" data-element_type=\"widget\" data-e-type=\"widget\" data-widget_type=\"text-editor.default\">\n\t\t\t\t<div class=\"elementor-widget-container\">\n\t\t\t\t\t\t\t\t\t<p style=\"margin-left: 0.75cm; margin-bottom: 0cm;\">Maria Heikkil\u00e4<\/p><p style=\"margin-left: 0.75cm; margin-bottom: 0cm;\">Chairman of board\u00a0<\/p><p style=\"margin-left: 0.75cm; margin-bottom: 0cm;\">Tel. 0400 581 835<\/p><p style=\"margin-left: 0.75cm; margin-bottom: 0cm;\"><a href=\"mailto:maria.heikkila@likiliike.fi\">maria.heikkila@likiliike.fi<\/a><\/p><p style=\"margin-left: 0.75cm; margin-bottom: 0cm;\">\u00a0<\/p><p style=\"margin-left: 0.75cm; margin-bottom: 0cm;\">Likiliike Coordinator<br \/>Secretary of the Likiliike Management Team<\/p><p style=\"margin-left: 0.75cm; margin-bottom: 0cm;\">Tel. 040 162 5548<\/p><p style=\"margin-left: 0.75cm; margin-bottom: 0cm;\"><a href=\"mailto:sodankyla@likiliike.fi\">sodankyla@likiliike.fi<\/a><\/p>\t\t\t\t\t\t\t\t<\/div>\n\t\t\t\t<\/div>\n\t\t\t\t\t<\/div>\n\t\t<\/div>\n\t\t\t\t<div class=\"elementor-column elementor-col-50 elementor-top-column elementor-element elementor-element-f1328d4\" data-id=\"f1328d4\" data-element_type=\"column\" data-e-type=\"column\">\n\t\t\t<div class=\"elementor-widget-wrap elementor-element-populated\">\n\t\t\t\t\t\t<div class=\"elementor-element elementor-element-af7846e elementor-widget elementor-widget-image\" data-id=\"af7846e\" data-element_type=\"widget\" data-e-type=\"widget\" data-widget_type=\"image.default\">\n\t\t\t\t<div class=\"elementor-widget-container\">\n\t\t\t\t\t\t\t\t\t\t\t\t\t\t\t<img fetchpriority=\"high\" decoding=\"async\" width=\"300\" height=\"300\" src=\"https:\/\/www.likiliikesodankyla.fi\/wp-content\/uploads\/2020\/02\/Likiliike-Sodankyla\u0308-3-300x300.png\" class=\"attachment-medium size-medium wp-image-1363\" alt=\"\" srcset=\"https:\/\/www.likiliikesodankyla.fi\/wp-content\/uploads\/2020\/02\/Likiliike-Sodankyla\u0308-3-300x300.png 300w, https:\/\/www.likiliikesodankyla.fi\/wp-content\/uploads\/2020\/02\/Likiliike-Sodankyla\u0308-3-100x100.png 100w, https:\/\/www.likiliikesodankyla.fi\/wp-content\/uploads\/2020\/02\/Likiliike-Sodankyla\u0308-3-600x600.png 600w, https:\/\/www.likiliikesodankyla.fi\/wp-content\/uploads\/2020\/02\/Likiliike-Sodankyla\u0308-3-1024x1024.png 1024w, https:\/\/www.likiliikesodankyla.fi\/wp-content\/uploads\/2020\/02\/Likiliike-Sodankyla\u0308-3-150x150.png 150w, https:\/\/www.likiliikesodankyla.fi\/wp-content\/uploads\/2020\/02\/Likiliike-Sodankyla\u0308-3-768x768.png 768w, https:\/\/www.likiliikesodankyla.fi\/wp-content\/uploads\/2020\/02\/Likiliike-Sodankyla\u0308-3.png 1418w\" sizes=\"(max-width: 300px) 100vw, 300px\" \/>\t\t\t\t\t\t\t\t\t\t\t\t\t\t\t<\/div>\n\t\t\t\t<\/div>\n\t\t\t\t\t<\/div>\n\t\t<\/div>\n\t\t\t\t\t<\/div>\n\t\t<\/section>\n\t\t\t\t<section class=\"elementor-section elementor-top-section elementor-element elementor-element-6a4892c elementor-section-boxed elementor-section-height-default elementor-section-height-default\" data-id=\"6a4892c\" data-element_type=\"section\" data-e-type=\"section\">\n\t\t\t\t\t\t<div class=\"elementor-container elementor-column-gap-default\">\n\t\t\t\t\t<div class=\"elementor-column elementor-col-100 elementor-top-column elementor-element elementor-element-a38d511\" data-id=\"a38d511\" data-element_type=\"column\" data-e-type=\"column\">\n\t\t\t<div class=\"elementor-widget-wrap elementor-element-populated\">\n\t\t\t\t\t\t<div class=\"elementor-element elementor-element-fe81009 elementor-widget elementor-widget-spacer\" data-id=\"fe81009\" data-element_type=\"widget\" data-e-type=\"widget\" data-widget_type=\"spacer.default\">\n\t\t\t\t<div class=\"elementor-widget-container\">\n\t\t\t\t\t\t\t<div class=\"elementor-spacer\">\n\t\t\t<div class=\"elementor-spacer-inner\"><\/div>\n\t\t<\/div>\n\t\t\t\t\t\t<\/div>\n\t\t\t\t<\/div>\n\t\t\t\t\t<\/div>\n\t\t<\/div>\n\t\t\t\t\t<\/div>\n\t\t<\/section>\n\t\t\t\t<section class=\"elementor-section elementor-top-section elementor-element elementor-element-9521b56 elementor-section-boxed elementor-section-height-default elementor-section-height-default\" data-id=\"9521b56\" data-element_type=\"section\" data-e-type=\"section\">\n\t\t\t\t\t\t<div class=\"elementor-container elementor-column-gap-default\">\n\t\t\t\t\t<div class=\"elementor-column elementor-col-25 elementor-top-column elementor-element elementor-element-fcd6013\" data-id=\"fcd6013\" data-element_type=\"column\" data-e-type=\"column\">\n\t\t\t<div class=\"elementor-widget-wrap elementor-element-populated\">\n\t\t\t\t\t\t<div class=\"elementor-element elementor-element-91bdc40 elementor-widget elementor-widget-heading\" data-id=\"91bdc40\" data-element_type=\"widget\" data-e-type=\"widget\" data-widget_type=\"heading.default\">\n\t\t\t\t<div class=\"elementor-widget-container\">\n\t\t\t\t\t<h3 class=\"elementor-heading-title elementor-size-default\">In cooperation with:<\/h3>\t\t\t\t<\/div>\n\t\t\t\t<\/div>\n\t\t\t\t\t<\/div>\n\t\t<\/div>\n\t\t\t\t<div class=\"elementor-column elementor-col-25 elementor-top-column elementor-element elementor-element-80e7807\" data-id=\"80e7807\" data-element_type=\"column\" data-e-type=\"column\">\n\t\t\t<div class=\"elementor-widget-wrap elementor-element-populated\">\n\t\t\t\t\t\t<div class=\"elementor-element elementor-element-8e1df9b elementor-widget elementor-widget-image\" data-id=\"8e1df9b\" data-element_type=\"widget\" data-e-type=\"widget\" data-widget_type=\"image.default\">\n\t\t\t\t<div class=\"elementor-widget-container\">\n\t\t\t\t\t\t\t\t\t\t\t\t\t\t\t<img decoding=\"async\" src=\"https:\/\/www.likiliikesodankyla.fi\/wp-content\/uploads\/elementor\/thumbs\/vaakunalogo_II_FI-qcg0gazvugs4qgs1xk23nx1ewus4h0vdzt4hlmg4nu.png\" title=\"vaakunalogo_II_FI\" alt=\"vaakunalogo_II_FI\" loading=\"lazy\" \/>\t\t\t\t\t\t\t\t\t\t\t\t\t\t\t<\/div>\n\t\t\t\t<\/div>\n\t\t\t\t\t<\/div>\n\t\t<\/div>\n\t\t\t\t<div class=\"elementor-column elementor-col-25 elementor-top-column elementor-element elementor-element-2f0d902\" data-id=\"2f0d902\" data-element_type=\"column\" data-e-type=\"column\">\n\t\t\t<div class=\"elementor-widget-wrap elementor-element-populated\">\n\t\t\t\t\t\t<div class=\"elementor-element elementor-element-8b7d60c elementor-widget elementor-widget-image\" data-id=\"8b7d60c\" data-element_type=\"widget\" data-e-type=\"widget\" data-widget_type=\"image.default\">\n\t\t\t\t<div class=\"elementor-widget-container\">\n\t\t\t\t\t\t\t\t\t\t\t\t\t\t\t<img decoding=\"async\" src=\"https:\/\/www.likiliikesodankyla.fi\/wp-content\/uploads\/elementor\/thumbs\/SY_sodankyla_RGB_musta-qcg0ga21nmqueutf31nh3f9ybgwr9brnnoh04chigg.jpg\" title=\"SY_imatran_seutu\" alt=\"SY_imatran_seutu\" loading=\"lazy\" \/>\t\t\t\t\t\t\t\t\t\t\t\t\t\t\t<\/div>\n\t\t\t\t<\/div>\n\t\t\t\t\t<\/div>\n\t\t<\/div>\n\t\t\t\t<div class=\"elementor-column elementor-col-25 elementor-top-column elementor-element elementor-element-ade3d12\" data-id=\"ade3d12\" data-element_type=\"column\" data-e-type=\"column\">\n\t\t\t<div class=\"elementor-widget-wrap elementor-element-populated\">\n\t\t\t\t\t\t<div class=\"elementor-element elementor-element-a189de4 elementor-widget elementor-widget-image\" data-id=\"a189de4\" data-element_type=\"widget\" data-e-type=\"widget\" data-widget_type=\"image.default\">\n\t\t\t\t<div class=\"elementor-widget-container\">\n\t\t\t\t\t\t\t\t\t\t\t\t\t\t\t<img decoding=\"async\" src=\"https:\/\/www.likiliikesodankyla.fi\/wp-content\/uploads\/elementor\/thumbs\/BL-logo-qcg0fvygt47jkpdwddk2k0u1eou91v7olqopx72f0o.jpg\" title=\"BL-logo\" alt=\"BL-logo\" loading=\"lazy\" \/>\t\t\t\t\t\t\t\t\t\t\t\t\t\t\t<\/div>\n\t\t\t\t<\/div>\n\t\t\t\t\t<\/div>\n\t\t<\/div>\n\t\t\t\t\t<\/div>\n\t\t<\/section>\n\t\t\t\t<\/div>","protected":false},"excerpt":{"rendered":"<p>Contact us! Likiliike Sodankyl\u00e4 ry Maria Heikkil\u00e4 Chairman of board\u00a0 Tel. 0400 581 835 maria.heikkila@likiliike.fi \u00a0 Likiliike CoordinatorSecretary of the Likiliike Management Team Tel. 040 162 5548 sodankyla@likiliike.fi In cooperation with:<\/p>","protected":false},"author":21,"featured_media":0,"parent":0,"menu_order":0,"comment_status":"closed","ping_status":"closed","template":"page-templates\/template-pagebuilder-full-width.php","meta":{"_acf_changed":false,"inline_featured_image":false,"neve_meta_sidebar":"full-width","neve_meta_container":"","neve_meta_enable_content_width":"off","neve_meta_content_width":100,"neve_meta_title_alignment":"","neve_meta_author_avatar":"","neve_post_elements_order":"","neve_meta_disable_header":"","neve_meta_disable_footer":"","neve_meta_disable_title":"on","footnotes":""},"class_list":["post-3009","page","type-page","status-publish","hentry"],"acf":[],"yoast_head":"<!-- This site is optimized with the Yoast SEO plugin v27.3 - https:\/\/yoast.com\/product\/yoast-seo-wordpress\/ -->\n<title>Contact us - Likiliike Sodankyl\u00e4 ry<\/title>\n<meta name=\"robots\" content=\"index, follow, max-snippet:-1, max-image-preview:large, max-video-preview:-1\" \/>\n<link rel=\"canonical\" href=\"https:\/\/www.likiliikesodankyla.fi\/en\/contact-us\/\" \/>\n<meta property=\"og:locale\" content=\"en_GB\" \/>\n<meta property=\"og:type\" content=\"article\" \/>\n<meta property=\"og:title\" content=\"Contact us - Likiliike Sodankyl\u00e4 ry\" \/>\n<meta property=\"og:description\" content=\"Contact us! Likiliike Sodankyl\u00e4 ry Maria Heikkil\u00e4 Chairman of board\u00a0 Tel. 0400 581 835 maria.heikkila@likiliike.fi \u00a0 Likiliike CoordinatorSecretary of the Likiliike Management Team Tel. 040 162 5548 sodankyla@likiliike.fi In cooperation with:\" \/>\n<meta property=\"og:url\" content=\"https:\/\/www.likiliikesodankyla.fi\/en\/contact-us\/\" \/>\n<meta property=\"og:site_name\" content=\"Likiliike Sodankyl\u00e4 ry\" \/>\n<meta property=\"article:modified_time\" content=\"2025-12-14T07:56:26+00:00\" \/>\n<meta property=\"og:image\" content=\"https:\/\/www.likiliikesodankyla.fi\/wp-content\/uploads\/elementor\/thumbs\/vaakunalogo_II_FI-qcg0gazvugs4qgs1xk23nx1ewus4h0vdzt4hlmg4o4.png\" \/>\n<meta name=\"twitter:card\" content=\"summary_large_image\" \/>\n<meta name=\"twitter:label1\" content=\"Estimated reading time\" \/>\n\t<meta name=\"twitter:data1\" content=\"1 minute\" \/>\n<script type=\"application\/ld+json\" class=\"yoast-schema-graph\">{\"@context\":\"https:\\\/\\\/schema.org\",\"@graph\":[{\"@type\":\"WebPage\",\"@id\":\"https:\\\/\\\/www.likiliikesodankyla.fi\\\/en\\\/contact-us\\\/\",\"url\":\"https:\\\/\\\/www.likiliikesodankyla.fi\\\/en\\\/contact-us\\\/\",\"name\":\"Contact us - Likiliike Sodankyl\u00e4 ry\",\"isPartOf\":{\"@id\":\"https:\\\/\\\/www.likiliikesodankyla.fi\\\/en\\\/#website\"},\"primaryImageOfPage\":{\"@id\":\"https:\\\/\\\/www.likiliikesodankyla.fi\\\/en\\\/contact-us\\\/#primaryimage\"},\"image\":{\"@id\":\"https:\\\/\\\/www.likiliikesodankyla.fi\\\/en\\\/contact-us\\\/#primaryimage\"},\"thumbnailUrl\":\"https:\\\/\\\/www.likiliikesodankyla.fi\\\/wp-content\\\/uploads\\\/elementor\\\/thumbs\\\/vaakunalogo_II_FI-qcg0gazvugs4qgs1xk23nx1ewus4h0vdzt4hlmg4o4.png\",\"datePublished\":\"2020-07-09T07:13:56+00:00\",\"dateModified\":\"2025-12-14T07:56:26+00:00\",\"breadcrumb\":{\"@id\":\"https:\\\/\\\/www.likiliikesodankyla.fi\\\/en\\\/contact-us\\\/#breadcrumb\"},\"inLanguage\":\"en-GB\",\"potentialAction\":[{\"@type\":\"ReadAction\",\"target\":[\"https:\\\/\\\/www.likiliikesodankyla.fi\\\/en\\\/contact-us\\\/\"]}]},{\"@type\":\"ImageObject\",\"inLanguage\":\"en-GB\",\"@id\":\"https:\\\/\\\/www.likiliikesodankyla.fi\\\/en\\\/contact-us\\\/#primaryimage\",\"url\":\"https:\\\/\\\/www.likiliikesodankyla.fi\\\/wp-content\\\/uploads\\\/elementor\\\/thumbs\\\/vaakunalogo_II_FI-qcg0gazvugs4qgs1xk23nx1ewus4h0vdzt4hlmg4o4.png\",\"contentUrl\":\"https:\\\/\\\/www.likiliikesodankyla.fi\\\/wp-content\\\/uploads\\\/elementor\\\/thumbs\\\/vaakunalogo_II_FI-qcg0gazvugs4qgs1xk23nx1ewus4h0vdzt4hlmg4o4.png\"},{\"@type\":\"BreadcrumbList\",\"@id\":\"https:\\\/\\\/www.likiliikesodankyla.fi\\\/en\\\/contact-us\\\/#breadcrumb\",\"itemListElement\":[{\"@type\":\"ListItem\",\"position\":1,\"name\":\"Home\",\"item\":\"https:\\\/\\\/www.likiliikesodankyla.fi\\\/en\\\/front-page\\\/\"},{\"@type\":\"ListItem\",\"position\":2,\"name\":\"Contact us\"}]},{\"@type\":\"WebSite\",\"@id\":\"https:\\\/\\\/www.likiliikesodankyla.fi\\\/en\\\/#website\",\"url\":\"https:\\\/\\\/www.likiliikesodankyla.fi\\\/en\\\/\",\"name\":\"Likiliike Sodankyl\u00e4 ry\",\"description\":\"\",\"publisher\":{\"@id\":\"https:\\\/\\\/www.likiliikesodankyla.fi\\\/en\\\/#organization\"},\"potentialAction\":[{\"@type\":\"SearchAction\",\"target\":{\"@type\":\"EntryPoint\",\"urlTemplate\":\"https:\\\/\\\/www.likiliikesodankyla.fi\\\/en\\\/?s={search_term_string}\"},\"query-input\":{\"@type\":\"PropertyValueSpecification\",\"valueRequired\":true,\"valueName\":\"search_term_string\"}}],\"inLanguage\":\"en-GB\"},{\"@type\":\"Organization\",\"@id\":\"https:\\\/\\\/www.likiliikesodankyla.fi\\\/en\\\/#organization\",\"name\":\"Likiliike Sodankyl\u00e4 ry\",\"url\":\"https:\\\/\\\/www.likiliikesodankyla.fi\\\/en\\\/\",\"logo\":{\"@type\":\"ImageObject\",\"inLanguage\":\"en-GB\",\"@id\":\"https:\\\/\\\/www.likiliikesodankyla.fi\\\/en\\\/#\\\/schema\\\/logo\\\/image\\\/\",\"url\":\"https:\\\/\\\/www.likiliikesodankyla.fi\\\/wp-content\\\/uploads\\\/2020\\\/02\\\/Likiliike-Sodankyla\u0308-2_nega.png\",\"contentUrl\":\"https:\\\/\\\/www.likiliikesodankyla.fi\\\/wp-content\\\/uploads\\\/2020\\\/02\\\/Likiliike-Sodankyla\u0308-2_nega.png\",\"width\":1418,\"height\":1418,\"caption\":\"Likiliike Sodankyl\u00e4 ry\"},\"image\":{\"@id\":\"https:\\\/\\\/www.likiliikesodankyla.fi\\\/en\\\/#\\\/schema\\\/logo\\\/image\\\/\"}}]}<\/script>\n<!-- \/ Yoast SEO plugin. -->","yoast_head_json":{"title":"Contact us - Likiliike Sodankyl\u00e4 ry","robots":{"index":"index","follow":"follow","max-snippet":"max-snippet:-1","max-image-preview":"max-image-preview:large","max-video-preview":"max-video-preview:-1"},"canonical":"https:\/\/www.likiliikesodankyla.fi\/en\/contact-us\/","og_locale":"en_GB","og_type":"article","og_title":"Contact us - Likiliike Sodankyl\u00e4 ry","og_description":"Contact us! Likiliike Sodankyl\u00e4 ry Maria Heikkil\u00e4 Chairman of board\u00a0 Tel. 0400 581 835 maria.heikkila@likiliike.fi \u00a0 Likiliike CoordinatorSecretary of the Likiliike Management Team Tel. 040 162 5548 sodankyla@likiliike.fi In cooperation with:","og_url":"https:\/\/www.likiliikesodankyla.fi\/en\/contact-us\/","og_site_name":"Likiliike Sodankyl\u00e4 ry","article_modified_time":"2025-12-14T07:56:26+00:00","og_image":[{"url":"https:\/\/www.likiliikesodankyla.fi\/wp-content\/uploads\/elementor\/thumbs\/vaakunalogo_II_FI-qcg0gazvugs4qgs1xk23nx1ewus4h0vdzt4hlmg4o4.png","type":"","width":"","height":""}],"twitter_card":"summary_large_image","twitter_misc":{"Estimated reading time":"1 minute"},"schema":{"@context":"https:\/\/schema.org","@graph":[{"@type":"WebPage","@id":"https:\/\/www.likiliikesodankyla.fi\/en\/contact-us\/","url":"https:\/\/www.likiliikesodankyla.fi\/en\/contact-us\/","name":"Contact us - Likiliike Sodankyl\u00e4 ry","isPartOf":{"@id":"https:\/\/www.likiliikesodankyla.fi\/en\/#website"},"primaryImageOfPage":{"@id":"https:\/\/www.likiliikesodankyla.fi\/en\/contact-us\/#primaryimage"},"image":{"@id":"https:\/\/www.likiliikesodankyla.fi\/en\/contact-us\/#primaryimage"},"thumbnailUrl":"https:\/\/www.likiliikesodankyla.fi\/wp-content\/uploads\/elementor\/thumbs\/vaakunalogo_II_FI-qcg0gazvugs4qgs1xk23nx1ewus4h0vdzt4hlmg4o4.png","datePublished":"2020-07-09T07:13:56+00:00","dateModified":"2025-12-14T07:56:26+00:00","breadcrumb":{"@id":"https:\/\/www.likiliikesodankyla.fi\/en\/contact-us\/#breadcrumb"},"inLanguage":"en-GB","potentialAction":[{"@type":"ReadAction","target":["https:\/\/www.likiliikesodankyla.fi\/en\/contact-us\/"]}]},{"@type":"ImageObject","inLanguage":"en-GB","@id":"https:\/\/www.likiliikesodankyla.fi\/en\/contact-us\/#primaryimage","url":"https:\/\/www.likiliikesodankyla.fi\/wp-content\/uploads\/elementor\/thumbs\/vaakunalogo_II_FI-qcg0gazvugs4qgs1xk23nx1ewus4h0vdzt4hlmg4o4.png","contentUrl":"https:\/\/www.likiliikesodankyla.fi\/wp-content\/uploads\/elementor\/thumbs\/vaakunalogo_II_FI-qcg0gazvugs4qgs1xk23nx1ewus4h0vdzt4hlmg4o4.png"},{"@type":"BreadcrumbList","@id":"https:\/\/www.likiliikesodankyla.fi\/en\/contact-us\/#breadcrumb","itemListElement":[{"@type":"ListItem","position":1,"name":"Home","item":"https:\/\/www.likiliikesodankyla.fi\/en\/front-page\/"},{"@type":"ListItem","position":2,"name":"Contact us"}]},{"@type":"WebSite","@id":"https:\/\/www.likiliikesodankyla.fi\/en\/#website","url":"https:\/\/www.likiliikesodankyla.fi\/en\/","name":"Likiliike Sodankyl\u00e4 ry","description":"","publisher":{"@id":"https:\/\/www.likiliikesodankyla.fi\/en\/#organization"},"potentialAction":[{"@type":"SearchAction","target":{"@type":"EntryPoint","urlTemplate":"https:\/\/www.likiliikesodankyla.fi\/en\/?s={search_term_string}"},"query-input":{"@type":"PropertyValueSpecification","valueRequired":true,"valueName":"search_term_string"}}],"inLanguage":"en-GB"},{"@type":"Organization","@id":"https:\/\/www.likiliikesodankyla.fi\/en\/#organization","name":"Likiliike Sodankyl\u00e4 ry","url":"https:\/\/www.likiliikesodankyla.fi\/en\/","logo":{"@type":"ImageObject","inLanguage":"en-GB","@id":"https:\/\/www.likiliikesodankyla.fi\/en\/#\/schema\/logo\/image\/","url":"https:\/\/www.likiliikesodankyla.fi\/wp-content\/uploads\/2020\/02\/Likiliike-Sodankyla\u0308-2_nega.png","contentUrl":"https:\/\/www.likiliikesodankyla.fi\/wp-content\/uploads\/2020\/02\/Likiliike-Sodankyla\u0308-2_nega.png","width":1418,"height":1418,"caption":"Likiliike Sodankyl\u00e4 ry"},"image":{"@id":"https:\/\/www.likiliikesodankyla.fi\/en\/#\/schema\/logo\/image\/"}}]}},"_links":{"self":[{"href":"https:\/\/www.likiliikesodankyla.fi\/en\/wp-json\/wp\/v2\/pages\/3009","targetHints":{"allow":["GET"]}}],"collection":[{"href":"https:\/\/www.likiliikesodankyla.fi\/en\/wp-json\/wp\/v2\/pages"}],"about":[{"href":"https:\/\/www.likiliikesodankyla.fi\/en\/wp-json\/wp\/v2\/types\/page"}],"author":[{"embeddable":true,"href":"https:\/\/www.likiliikesodankyla.fi\/en\/wp-json\/wp\/v2\/users\/21"}],"replies":[{"embeddable":true,"href":"https:\/\/www.likiliikesodankyla.fi\/en\/wp-json\/wp\/v2\/comments?post=3009"}],"version-history":[{"count":30,"href":"https:\/\/www.likiliikesodankyla.fi\/en\/wp-json\/wp\/v2\/pages\/3009\/revisions"}],"predecessor-version":[{"id":6342,"href":"https:\/\/www.likiliikesodankyla.fi\/en\/wp-json\/wp\/v2\/pages\/3009\/revisions\/6342"}],"wp:attachment":[{"href":"https:\/\/www.likiliikesodankyla.fi\/en\/wp-json\/wp\/v2\/media?parent=3009"}],"curies":[{"name":"wp","href":"https:\/\/api.w.org\/{rel}","templated":true}]}}